{"id":139,"date":"2025-10-15T13:29:57","date_gmt":"2025-10-15T13:29:57","guid":{"rendered":"https:\/\/instalacionesfrical.com\/about\/"},"modified":"2025-10-16T13:25:55","modified_gmt":"2025-10-16T13:25:55","slug":"acerca-de","status":"publish","type":"page","link":"https:\/\/instalacionesfrical.com\/en\/acerca-de\/","title":{"rendered":"About"},"content":{"rendered":"<div class=\"wp-block-uagb-container uagb-block-398cb9f6 alignfull uagb-is-root-container\"><div class=\"uagb-container-inner-blocks-wrap\">\n<div class=\"wp-block-uagb-advanced-heading uagb-block-f3ca99db\"><p class=\"uagb-desc-text\">Get to know us<\/p><h1 class=\"uagb-heading-text\">Experts in air conditioning and energy comfort<\/h1><\/div>\n<\/div><\/div>\n\n\n\n<div class=\"wp-block-uagb-container uagb-layout-grid uagb-block-fa1435f9 alignfull uagb-is-root-container\"><div class=\"uagb-container-inner-blocks-wrap\">\n<div class=\"wp-block-uagb-image uagb-block-e6668d8b wp-block-uagb-image--layout-default wp-block-uagb-image--effect-static wp-block-uagb-image--align-none\"><figure class=\"wp-block-uagb-image__figure\"><img loading=\"lazy\" decoding=\"async\" srcset=\"https:\/\/instalacionesfrical.com\/wp-content\/uploads\/2025\/10\/pexels-photo-3964341.jpeg ,https:\/\/instalacionesfrical.com\/wp-content\/uploads\/2025\/10\/pexels-photo-3964341.jpeg 780w, https:\/\/instalacionesfrical.com\/wp-content\/uploads\/2025\/10\/pexels-photo-3964341.jpeg 360w\" sizes=\"auto, (max-width: 480px) 150px\" src=\"https:\/\/instalacionesfrical.com\/wp-content\/uploads\/2025\/10\/pexels-photo-3964341.jpeg\" alt=\"Exterior view of an industrial air conditioning unit with visible wear and rust, set against a shabby wall.\" class=\"uag-image-9\" width=\"570\" height=\"500\" title=\"who-we-are\" role=\"img\"\/><\/figure><\/div>\n\n\n\n<div class=\"wp-block-uagb-container uagb-block-8116f50b\">\n<div class=\"wp-block-uagb-info-box uagb-block-22c66185 uagb-infobox__content-wrap  uagb-infobox-icon-above-title uagb-infobox-image-valign-top wp-block-uagb-info-box--has-margin\"><div class=\"uagb-infobox-margin-wrapper\"><div class=\"uagb-ifb-content\"><div class=\"uagb-ifb-title-wrap\"><p class=\"uagb-ifb-title-prefix\">Our essence<\/p><h2 class=\"uagb-ifb-title\">Committed to the efficiency and well-being of our customers<\/h2><\/div><p class=\"uagb-ifb-desc\">At Instalaciones Frical, we have helped countless customers to improve their air conditioning systems, achieving significant energy savings and optimal comfort in their homes and businesses. Our experience is reflected in the satisfaction and well-being of our customers, who trust us to create pleasant and sustainable environments.<\/p><\/div><\/div><\/div>\n\n\n\n<div class=\"wp-block-uagb-advanced-heading uagb-block-9c1b1a1d\"><p class=\"uagb-heading-text\">Over the years, Instalaciones Frical has implemented innovative solutions that not only optimise energy, but also improve air quality. Every project is an opportunity to exceed our customers' expectations.<\/p><\/div>\n<\/div>\n<\/div><\/div>\n\n\n\n<div class=\"wp-block-uagb-container uagb-layout-grid uagb-block-7151de24 alignfull uagb-is-root-container\"><div class=\"uagb-container-inner-blocks-wrap\">\n<div class=\"wp-block-uagb-advanced-heading uagb-block-5336c70c\"><p class=\"uagb-desc-text\">Our track record<\/p><h2 class=\"uagb-heading-text\">From our beginnings until today<\/h2><\/div>\n\n\n\n<div class=\"wp-block-uagb-info-box uagb-block-37741989 uagb-infobox__content-wrap  uagb-infobox-icon-above-title uagb-infobox-image-valign-top wp-block-uagb-info-box--has-margin\"><div class=\"uagb-infobox-margin-wrapper\"><div class=\"uagb-ifb-content\"><div class=\"uagb-ifb-title-wrap\"><p class=\"uagb-ifb-title\">Instalaciones Frical was founded more than a decade ago with the vision of offering high quality air conditioning services. Over time, we have grown, adapting to new technologies and market needs. We have carried out outstanding projects in different sectors, establishing our reputation as leaders in the installation and maintenance of efficient and sustainable air conditioning systems.<\/p><\/div><p class=\"uagb-ifb-desc\">Our dedication and focus on excellence have enabled Instalaciones Frical to remain a benchmark in the sector, strengthening our relationship with customers and expanding our market presence.<\/p><\/div><\/div><\/div>\n<\/div><\/div>\n\n\n\n<div class=\"wp-block-uagb-container uagb-block-a177b11e alignfull uagb-is-root-container\"><div class=\"uagb-container-inner-blocks-wrap\">\n<div class=\"wp-block-uagb-container uagb-block-7bdfbaaf\">\n<div class=\"wp-block-uagb-advanced-heading uagb-block-b10e0589\"><h2 class=\"uagb-heading-text\">Our mission<\/h2><p class=\"uagb-desc-text\">To provide comprehensive air conditioning solutions that ensure the comfort and energy efficiency of our customers, using state-of-the-art technology and exceptional service.<\/p><\/div>\n<\/div>\n\n\n\n<div class=\"wp-block-uagb-container uagb-block-d93f4c87\">\n<div class=\"wp-block-uagb-advanced-heading uagb-block-1c9e7d1d\"><h2 class=\"uagb-heading-text\">Our values<\/h2><p class=\"uagb-desc-text\">We are driven by integrity, innovation and sustainability, always prioritising the needs of our clients and respect for the environment in every project we undertake.<\/p><\/div>\n<\/div>\n<\/div><\/div>\n\n\n\n<div class=\"wp-block-uagb-container uagb-block-589dc7bc alignfull uagb-is-root-container\"><div class=\"uagb-container-inner-blocks-wrap\"><\/div><\/div>\n\n\n\n<div class=\"wp-block-uagb-container uagb-block-82f7e11c alignfull uagb-is-root-container\"><div class=\"uagb-container-inner-blocks-wrap\">\n<div class=\"wp-block-uagb-info-box uagb-block-29a068cf uagb-infobox__content-wrap  uagb-infobox-icon-above-title uagb-infobox-image-valign-top\"><div class=\"uagb-ifb-content\"><div class=\"uagb-ifb-title-wrap\"><span class=\"uagb-ifb-title-prefix\">Ready to get started?<\/span><h2 class=\"uagb-ifb-title\">Contact us today for a free climate assessment<\/h2><\/div><p class=\"uagb-ifb-desc\">Let us help you improve the energy efficiency of your space. Ask for a no-obligation quote.<\/p><div class=\"uagb-ifb-button-wrapper wp-block-button\"><a href=\"\/en\/contact\/\" class=\"uagb-infobox-cta-link wp-block-button__link\" target=\"_self\" rel=\"noopener noreferrer\" onclick=\"return true;\"><span class=\"uagb-inline-editing\">Request a quote<\/span><\/a><\/div><\/div><\/div>\n<\/div><\/div>","protected":false},"excerpt":{"rendered":"<p>About us Experts in air conditioning and energetic comfort Over the years, Instalaciones Frical has implemented innovative solutions that have been [...]<\/p>","protected":false},"author":1,"featured_media":0,"parent":0,"menu_order":0,"comment_status":"closed","ping_status":"closed","template":"","meta":{"_uag_custom_page_level_css":"","site-sidebar-layout":"default","site-content-layout":"","ast-site-content-layout":"default","site-content-style":"default","site-sidebar-style":"default","ast-global-header-display":"","ast-banner-title-visibility":"","ast-main-header-display":"","ast-hfb-above-header-display":"","ast-hfb-below-header-display":"","ast-hfb-mobile-header-display":"","site-post-title":"disabled","ast-breadcrumbs-content":"","ast-featured-img":"","footer-sml-layout":"","theme-transparent-header-meta":"","adv-header-id-meta":"","stick-header-meta":"","header-above-stick-meta":"","header-main-stick-meta":"","header-below-stick-meta":"","astra-migrate-meta-layouts":"default","ast-page-background-enabled":"default","ast-page-background-meta":{"desktop":{"background-color":"var(--ast-global-color-4)","background-image":"","background-repeat":"repeat","background-position":"center center","background-size":"auto","background-attachment":"scroll","background-type":"","background-media":"","overlay-type":"","overlay-color":"","overlay-opacity":"","overlay-gradient":""},"tablet":{"background-color":"","background-image":"","background-repeat":"repeat","background-position":"center center","background-size":"auto","background-attachment":"scroll","background-type":"","background-media":"","overlay-type":"","overlay-color":"","overlay-opacity":"","overlay-gradient":""},"mobile":{"background-color":"","background-image":"","background-repeat":"repeat","background-position":"center center","background-size":"auto","background-attachment":"scroll","background-type":"","background-media":"","overlay-type":"","overlay-color":"","overlay-opacity":"","overlay-gradient":""}},"ast-content-background-meta":{"desktop":{"background-color":"var(--ast-global-color-5)","background-image":"","background-repeat":"repeat","background-position":"center center","background-size":"auto","background-attachment":"scroll","background-type":"","background-media":"","overlay-type":"","overlay-color":"","overlay-opacity":"","overlay-gradient":""},"tablet":{"background-color":"var(--ast-global-color-5)","background-image":"","background-repeat":"repeat","background-position":"center center","background-size":"auto","background-attachment":"scroll","background-type":"","background-media":"","overlay-type":"","overlay-color":"","overlay-opacity":"","overlay-gradient":""},"mobile":{"background-color":"var(--ast-global-color-5)","background-image":"","background-repeat":"repeat","background-position":"center center","background-size":"auto","background-attachment":"scroll","background-type":"","background-media":"","overlay-type":"","overlay-color":"","overlay-opacity":"","overlay-gradient":""}},"footnotes":""},"class_list":["post-139","page","type-page","status-publish","hentry"],"uagb_featured_image_src":{"full":false,"thumbnail":false,"medium":false,"medium_large":false,"large":false,"1536x1536":false,"2048x2048":false,"trp-custom-language-flag":false},"uagb_author_info":{"display_name":"Andr\u00e9s Mariano Yercovich Luccon- NIF: 31912763X","author_link":"https:\/\/instalacionesfrical.com\/en\/author\/instalacionesfrical\/"},"uagb_comment_info":0,"uagb_excerpt":"Con\u00f3cenos Expertos en climatizaci\u00f3n y confort energ\u00e9tico A lo largo de los a\u00f1os, Instalaciones Frical ha implementado soluciones innovadoras que [&hellip;]","_links":{"self":[{"href":"https:\/\/instalacionesfrical.com\/en\/wp-json\/wp\/v2\/pages\/139","targetHints":{"allow":["GET"]}}],"collection":[{"href":"https:\/\/instalacionesfrical.com\/en\/wp-json\/wp\/v2\/pages"}],"about":[{"href":"https:\/\/instalacionesfrical.com\/en\/wp-json\/wp\/v2\/types\/page"}],"author":[{"embeddable":true,"href":"https:\/\/instalacionesfrical.com\/en\/wp-json\/wp\/v2\/users\/1"}],"replies":[{"embeddable":true,"href":"https:\/\/instalacionesfrical.com\/en\/wp-json\/wp\/v2\/comments?post=139"}],"version-history":[{"count":5,"href":"https:\/\/instalacionesfrical.com\/en\/wp-json\/wp\/v2\/pages\/139\/revisions"}],"predecessor-version":[{"id":350,"href":"https:\/\/instalacionesfrical.com\/en\/wp-json\/wp\/v2\/pages\/139\/revisions\/350"}],"wp:attachment":[{"href":"https:\/\/instalacionesfrical.com\/en\/wp-json\/wp\/v2\/media?parent=139"}],"curies":[{"name":"wp","href":"https:\/\/api.w.org\/{rel}","templated":true}]}}